{"id":249,"date":"2021-07-21T17:25:56","date_gmt":"2021-07-21T15:25:56","guid":{"rendered":"https:\/\/ecurie-doutremer.com\/?page_id=249"},"modified":"2024-02-09T14:20:50","modified_gmt":"2024-02-09T13:20:50","slug":"nos-services","status":"publish","type":"page","link":"https:\/\/ecurie-doutremer.com\/index.php\/accueil\/nos-services\/","title":{"rendered":"Nos services"},"content":{"rendered":"\n[et_pb_section fb_built=\u00a0\u00bb1&Prime; _builder_version=\u00a0\u00bb4.4.7&Prime;][et_pb_row _builder_version=\u00a0\u00bb4.4.7&Prime;][et_pb_column type=\u00a0\u00bb4_4&Prime; _builder_version=\u00a0\u00bb4.4.7&Prime;][et_pb_text _builder_version=\u00a0\u00bb4.4.7&Prime; text_font=\u00a0\u00bbMontserrat||||||||\u00a0\u00bb text_text_color=\u00a0\u00bb#009640&Prime; header_font=\u00a0\u00bbMontserrat||||||||\u00a0\u00bb header_text_color=\u00a0\u00bb#009640&Prime;]<h1 class=\"elementor-heading-title elementor-size-default elementor-inline-editing pen\" data-elementor-setting-key=\"title\" contenteditable=\"true\" data-pen-placeholder=\"\u00c9crivez ici...\" style=\"text-align: center;\">ELWOOD BLUES<\/h1>[\/et_pb_text][\/et_pb_column][\/et_pb_row][et_pb_row column_structure=\u00a0\u00bb1_3,1_3,1_3&Prime; _builder_version=\u00a0\u00bb4.4.7&Prime;][et_pb_column type=\u00a0\u00bb1_3&Prime; _builder_version=\u00a0\u00bb4.4.7&Prime;][et_pb_image src=\u00a0\u00bbhttps:\/\/ecurie-doutremer.com\/wp-content\/uploads\/2021\/03\/10549951_316650795168083_2649540485501818508_o.jpg\u00a0\u00bb alt=\u00a0\u00bbConcours de mod\u00e8le et Allures\u00a0\u00bb title_text=\u00a0\u00bbMod\u00e8les et Allures\u00a0\u00bb _builder_version=\u00a0\u00bb4.4.7&Prime; width=\u00a0\u00bb100%\u00a0\u00bb max_width=\u00a0\u00bb100%\u00a0\u00bb][\/et_pb_image][\/et_pb_column][et_pb_column type=\u00a0\u00bb1_3&Prime; _builder_version=\u00a0\u00bb4.4.7&Prime;][et_pb_text _builder_version=\u00a0\u00bb4.4.7&Prime; text_font=\u00a0\u00bbMontserrat||||||||\u00a0\u00bb text_text_color=\u00a0\u00bb#000000&Prime; text_font_size=\u00a0\u00bb30px\u00a0\u00bb text_line_height=\u00a0\u00bb1.8em\u00a0\u00bb width=\u00a0\u00bb1207%\u00a0\u00bb max_width=\u00a0\u00bb100%\u00a0\u00bb module_alignment=\u00a0\u00bbcenter\u00a0\u00bb min_height=\u00a0\u00bb100px\u00a0\u00bb height=\u00a0\u00bb100px\u00a0\u00bb max_height=\u00a0\u00bb1000px\u00a0\u00bb custom_margin=\u00a0\u00bb0px||-5px||false|false\u00a0\u00bb custom_padding=\u00a0\u00bb40px||||false|false\u00a0\u00bb hover_enabled=\u00a0\u00bb0&Prime;]<h2 style=\"text-align: center;\">Nos services<\/h2>\n<p>&nbsp;<\/p>\n[\/et_pb_text][\/et_pb_column][et_pb_column type=\u00a0\u00bb1_3&Prime; _builder_version=\u00a0\u00bb4.4.7&Prime;][et_pb_image src=\u00a0\u00bbhttps:\/\/ecurie-doutremer.com\/wp-content\/uploads\/2021\/03\/11855750_10153408239811236_2981828381002283761_n.jpg\u00a0\u00bb alt=\u00a0\u00bbCheval Normandie\u00a0\u00bb title_text=\u00a0\u00bbCheval Normandie\u00a0\u00bb _builder_version=\u00a0\u00bb4.4.7&Prime;][\/et_pb_image][\/et_pb_column][\/et_pb_row][et_pb_row _builder_version=\u00a0\u00bb4.4.7&Prime;][et_pb_column type=\u00a0\u00bb4_4&Prime; _builder_version=\u00a0\u00bb4.4.7&Prime;][et_pb_text _builder_version=\u00a0\u00bb4.4.7&Prime; header_font=\u00a0\u00bbMontserrat||||||||\u00a0\u00bb header_text_color=\u00a0\u00bb#009640&Prime; header_2_font=\u00a0\u00bbMontserrat|||||on|||\u00a0\u00bb header_2_text_color=\u00a0\u00bb#009640&Prime; link_option_url_new_window=\u00a0\u00bbon\u00a0\u00bb]<h2>Elevage de chevaux de sport<\/h2>\n<p><strong>Elevage de chevaux Selle Fran\u00e7ais<\/strong><span>, affixe \u00ab\u00a0Du Givre\u00a0\u00bb. Nous h\u00e9bergeons entre 10 et 12 poulini\u00e8res qui nous permettent tous les ans d&rsquo;imaginer des croisements intelligents. Les foals, les yearlings, les deux ans et les trois ans sont ensuite mis \u00e0 l&rsquo;\u00e9l\u00e9vage sur notre structure. <\/span><\/p>\n<p><span>Pour ces chevaux, 50 hectares d&rsquo;herbarges de qualit\u00e9 sont exploit\u00e9s.<\/span><\/p>[\/et_pb_text][\/et_pb_column][\/et_pb_row][et_pb_row _builder_version=\u00a0\u00bb4.4.7&Prime;][et_pb_column type=\u00a0\u00bb4_4&Prime; _builder_version=\u00a0\u00bb4.4.7&Prime;][et_pb_text _builder_version=\u00a0\u00bb4.4.7&Prime; header_font=\u00a0\u00bbMontserrat||||||||\u00a0\u00bb header_text_color=\u00a0\u00bb#009640&Prime; header_2_font=\u00a0\u00bbMontserrat|||||on|||\u00a0\u00bb header_2_text_color=\u00a0\u00bb#009640&Prime;]<h2>Etalonnage<\/h2>\n<p><strong>Centre de production de semence<\/strong> \u00e9quine g\u00e9r\u00e9 par Jonathan Lenoir (en collaboration avec Eurogen sarl). Chaque ann\u00e9e, nous accueillons plusiuers \u00e9talons qui sont pr\u00e9lev\u00e9s sur place. Ces \u00e9talons b\u00e9n\u00e9ficient d&rsquo;un suivi sportif ou entretien adapt\u00e9 \u00e0 leur besoin. Notre structure est \u00e9quip\u00e9e afin d&rsquo;offrir les meilleures conditions d&rsquo;accueil : carri\u00e8re, marcheur, paddocks, chemin de trotting, etc.).<\/p>\n<p><strong>Centre d&rsquo;ins\u00e9mination<\/strong> IAF, IAR, IAC. Chaque ann\u00e9e Jonathan Lenoir, ins\u00e9minateur \u00e9quin, r\u00e9ceptionne vos juments qui doivent \u00eatre ins\u00e9min\u00e9es par l&rsquo;\u00e9talon de votre choix. Un suivi v\u00e9t\u00e9rinaire quotidien peut vous \u00eatre propos\u00e9.<\/p>[\/et_pb_text][\/et_pb_column][\/et_pb_row][et_pb_row _builder_version=\u00a0\u00bb4.4.7&Prime;][et_pb_column type=\u00a0\u00bb4_4&Prime; _builder_version=\u00a0\u00bb4.4.7&Prime;][et_pb_text _builder_version=\u00a0\u00bb4.4.7&Prime; header_font=\u00a0\u00bbMontserrat||||||||\u00a0\u00bb header_text_color=\u00a0\u00bb#009640&Prime; header_2_font=\u00a0\u00bbMontserrat|||||on|||\u00a0\u00bb header_2_text_color=\u00a0\u00bb#009640&Prime; locked=\u00a0\u00bboff\u00a0\u00bb]<h2>Poulinage<\/h2>\n<div class=\"page\" title=\"Page 1\">\n<div class=\"layoutArea\">\n<div class=\"column\">\n<p><span><strong>Le poulinage<\/strong> est une \u00e9tape cruciale en \u00e9levage y assister est un moment privil\u00e9gi\u00e9 pour un \u00e9leveur. La connaissance des \u00e9tapes de cette mise bas doit permettre de bien appr\u00e9hender la naissance du poulain et surtout de mesurer le moment o\u00f9 l\u2019intervention du sp\u00e9cialiste, le v\u00e9t\u00e9rinaire, est indispensable. <\/span><\/p>\n<p><span>Il ne faut pas h\u00e9siter \u00e0 placer sa poulini\u00e8re dans des mains expertes pour cet \u00e9v\u00e8nement.<\/span><\/p>\n<\/div>\n<\/div>\n<\/div>[\/et_pb_text][\/et_pb_column][\/et_pb_row][et_pb_row _builder_version=\u00a0\u00bb4.4.7&Prime;][et_pb_column type=\u00a0\u00bb4_4&Prime; _builder_version=\u00a0\u00bb4.4.7&Prime;][et_pb_text _builder_version=\u00a0\u00bb4.4.7&Prime; header_font=\u00a0\u00bbMontserrat||||||||\u00a0\u00bb header_text_color=\u00a0\u00bb#009640&Prime; header_2_font=\u00a0\u00bbMontserrat|||||on|||\u00a0\u00bb header_2_text_color=\u00a0\u00bb#009640&Prime; locked=\u00a0\u00bboff\u00a0\u00bb]<h2>D\u00e9bourrage et travail des jeunes chevaux<\/h2>\n<div class=\"page\" title=\"Page 1\">\n<div class=\"layoutArea\">\n<div class=\"column\">\n<p><span><strong>Le d\u00e9bourrage\u00a0<\/strong>est une \u00e9tape importante dans la vie des chevaux. Il s&rsquo;agit du d\u00e9but de son \u00e9ducation et de son apprentissage \u00e0 son futur m\u00e9tier : le Sport.\u00a0<\/span><span>Au cours de ce processus, nous apprenons au cheval \u00e0 tourner en longe, il d\u00e9couvre les soins, il accepte d&rsquo;\u00eatre sell\u00e9, il d\u00e9couvre les barres en sautant en libert\u00e9 et enfin, il apprend \u00e0 accepter l&rsquo;homme sur son dos.<\/span><\/p>\n<p><span><\/span><\/p>\n<p><span><strong>Le travail<\/strong> des jeunes chevaux est la suite de cette premi\u00e8re \u00e9tape. Ils continuent leur \u00e9ducation et la d\u00e9couverte de leur m\u00e9tier en int\u00e9grant progressivement les bases du travail sur le plat, en prenant de la condition et en apprenant \u00e0 sauter des parcours. <\/span><span>En fonction des objectifs de leurs propri\u00e9taires, de leur \u00e2ge et de leur \u00e9volution, chaque cheval b\u00e9n\u00e9ficie d&rsquo;un programme adapt\u00e9.<\/span><\/p>\n<\/div>\n<\/div>\n<\/div>[\/et_pb_text][\/et_pb_column][\/et_pb_row][et_pb_row _builder_version=\u00a0\u00bb4.4.7&Prime;][et_pb_column type=\u00a0\u00bb4_4&Prime; _builder_version=\u00a0\u00bb4.4.7&Prime;][et_pb_text _builder_version=\u00a0\u00bb4.4.7&Prime; header_font=\u00a0\u00bbMontserrat||||||||\u00a0\u00bb header_text_color=\u00a0\u00bb#009640&Prime; header_2_font=\u00a0\u00bbMontserrat|||||on|||\u00a0\u00bb header_2_text_color=\u00a0\u00bb#009640&Prime; locked=\u00a0\u00bboff\u00a0\u00bb]<h2>Pr\u00e9paration et Valorisation\u00a0<\/h2>\n<div class=\"page\" title=\"Page 1\">\n<div class=\"layoutArea\">\n<div class=\"column\">\n<p>Nous proposons \u00e9galement la <strong>pr\u00e9paration de vos chevaux<\/strong> pour les concours d&rsquo;\u00e9l\u00e9vage (Concours poulini\u00e8res et Mod\u00e8les et Allures), les ventes aux ench\u00e8res (Agences Fences et Agence Nash) ou la pr\u00e9sentation aux Salons des Etalons.<\/p>\n<p>Avec ce service d\u00e9di\u00e9, votre \u00e9levage et vos produits sont mis en valeurs en vue d&rsquo;une commercialisation ou d&rsquo;une valorisation de votre \u00e9levage.\u00a0<\/p>\n<\/div>\n<\/div>\n<\/div>[\/et_pb_text][\/et_pb_column][\/et_pb_row][\/et_pb_section]\n","protected":false},"excerpt":{"rendered":"<p>ELWOOD BLUESNos services &nbsp; Elevage de chevaux de sport Elevage de chevaux Selle Fran\u00e7ais, affixe \u00ab\u00a0Du Givre\u00a0\u00bb. Nous h\u00e9bergeons entre 10 et 12 poulini\u00e8res qui nous permettent tous les ans d&rsquo;imaginer des croisements intelligents. Les foals, les yearlings, les deux ans et les trois ans sont ensuite mis \u00e0 l&rsquo;\u00e9l\u00e9vage sur notre structure. Pour ces [&hellip;]<\/p>\n","protected":false},"author":2,"featured_media":0,"parent":98,"menu_order":0,"comment_status":"closed","ping_status":"closed","template":"","meta":{"_et_pb_use_builder":"on","_et_pb_old_content":"","_et_gb_content_width":"","footnotes":""},"class_list":["post-249","page","type-page","status-publish","hentry"],"_links":{"self":[{"href":"https:\/\/ecurie-doutremer.com\/index.php\/wp-json\/wp\/v2\/pages\/249","targetHints":{"allow":["GET"]}}],"collection":[{"href":"https:\/\/ecurie-doutremer.com\/index.php\/wp-json\/wp\/v2\/pages"}],"about":[{"href":"https:\/\/ecurie-doutremer.com\/index.php\/wp-json\/wp\/v2\/types\/page"}],"author":[{"embeddable":true,"href":"https:\/\/ecurie-doutremer.com\/index.php\/wp-json\/wp\/v2\/users\/2"}],"replies":[{"embeddable":true,"href":"https:\/\/ecurie-doutremer.com\/index.php\/wp-json\/wp\/v2\/comments?post=249"}],"version-history":[{"count":10,"href":"https:\/\/ecurie-doutremer.com\/index.php\/wp-json\/wp\/v2\/pages\/249\/revisions"}],"predecessor-version":[{"id":534,"href":"https:\/\/ecurie-doutremer.com\/index.php\/wp-json\/wp\/v2\/pages\/249\/revisions\/534"}],"up":[{"embeddable":true,"href":"https:\/\/ecurie-doutremer.com\/index.php\/wp-json\/wp\/v2\/pages\/98"}],"wp:attachment":[{"href":"https:\/\/ecurie-doutremer.com\/index.php\/wp-json\/wp\/v2\/media?parent=249"}],"curies":[{"name":"wp","href":"https:\/\/api.w.org\/{rel}","templated":true}]}}