{"id":69,"date":"2021-03-15T18:29:26","date_gmt":"2021-03-15T17:29:26","guid":{"rendered":"https:\/\/ecurie-doutremer.com\/?page_id=69"},"modified":"2026-02-19T17:41:08","modified_gmt":"2026-02-19T16:41:08","slug":"happy_paluelle","status":"publish","type":"page","link":"https:\/\/ecurie-doutremer.com\/index.php\/happy_paluelle\/","title":{"rendered":"HAPPY PALUELLE"},"content":{"rendered":"<p>[et_pb_section fb_built=\u00a0\u00bb1&Prime; _builder_version=\u00a0\u00bb4.16&Prime; global_colors_info=\u00a0\u00bb{}\u00a0\u00bb][et_pb_row _builder_version=\u00a0\u00bb4.16&Prime; global_colors_info=\u00a0\u00bb{}\u00a0\u00bb][et_pb_column type=\u00a0\u00bb4_4&Prime; _builder_version=\u00a0\u00bb4.16&Prime; global_colors_info=\u00a0\u00bb{}\u00a0\u00bb][et_pb_text _builder_version=\u00a0\u00bb4.16&Prime; text_font=\u00a0\u00bbMontserrat||||||||\u00a0\u00bb text_text_color=\u00a0\u00bb#009640&Prime; header_font=\u00a0\u00bbMontserrat||||||||\u00a0\u00bb header_text_color=\u00a0\u00bb#009640&Prime; global_colors_info=\u00a0\u00bb{}\u00a0\u00bb]<\/p>\n<h1 class=\"elementor-heading-title elementor-size-default elementor-inline-editing pen\" data-elementor-setting-key=\"title\" contenteditable=\"true\" data-pen-placeholder=\"\u00c9crivez ici...\" style=\"text-align: center;\">BRAZIL 4<\/h1>\n<p>[\/et_pb_text][et_pb_text _builder_version=\u00a0\u00bb4.24.0&Prime; text_font=\u00a0\u00bbMontserrat||||||||\u00a0\u00bb text_font_size=\u00a0\u00bb28px\u00a0\u00bb custom_margin=\u00a0\u00bb||-5px|||\u00a0\u00bb global_colors_info=\u00a0\u00bb{}\u00a0\u00bb]<\/p>\n<div class=\"et_pb_row et_pb_row_0\">\n<div class=\"et_pb_column et_pb_column_4_4 et_pb_column_0  et_pb_css_mix_blend_mode_passthrough et-last-child\">\n<div class=\"et_pb_module et_pb_text et_pb_text_1  et_pb_text_align_center et_pb_bg_layout_light\">\n<div class=\"et_pb_text_inner\">\n<h1 style=\"text-align: center;\"><span style=\"color: #008000;\">HAPPY PALUELLE<\/span><\/h1>\n<h1 style=\"text-align: center;\">Etalon SF &#8211; N\u00e9 en 2017 \u2013 \u00a0Alezan &#8211; ISO 122 (2022)<\/h1>\n<\/div>\n<\/div>\n<\/div>\n<\/div>\n<div class=\"et_pb_row et_pb_row_1\">\n<div class=\"et_pb_column et_pb_column_4_4 et_pb_column_1  et_pb_css_mix_blend_mode_passthrough et-last-child\"><\/div>\n<\/div>\n<p>[\/et_pb_text][\/et_pb_column][\/et_pb_row][et_pb_row column_structure=\u00a0\u00bb1_2,1_2&Prime; _builder_version=\u00a0\u00bb4.16&Prime; global_colors_info=\u00a0\u00bb{}\u00a0\u00bb][et_pb_column type=\u00a0\u00bb1_2&Prime; _builder_version=\u00a0\u00bb4.16&Prime; global_colors_info=\u00a0\u00bb{}\u00a0\u00bb][et_pb_image src=\u00a0\u00bbhttps:\/\/ecurie-doutremer.com\/wp-content\/uploads\/2024\/02\/Happy-Palluelle1.jpg\u00a0\u00bb alt=\u00a0\u00bbBluff Ter Doorn Z\u00a0\u00bb title_text=\u00a0\u00bbHappy-Palluelle1&Prime; _builder_version=\u00a0\u00bb4.24.0&Prime; global_colors_info=\u00a0\u00bb{}\u00a0\u00bb][\/et_pb_image][et_pb_image src=\u00a0\u00bbhttps:\/\/ecurie-doutremer.com\/wp-content\/uploads\/2024\/02\/Happy-Palluelle2.jpg\u00a0\u00bb alt=\u00a0\u00bbBluff Ter Doorn Z\u00a0\u00bb title_text=\u00a0\u00bbHappy-Palluelle2&Prime; _builder_version=\u00a0\u00bb4.24.0&Prime; global_colors_info=\u00a0\u00bb{}\u00a0\u00bb][\/et_pb_image][et_pb_image src=\u00a0\u00bbhttps:\/\/ecurie-doutremer.com\/wp-content\/uploads\/2024\/02\/Happy-paluelle-WEB.png\u00a0\u00bb alt=\u00a0\u00bbBluff Ter Doorn Z\u00a0\u00bb title_text=\u00a0\u00bbHappy-paluelle-WEB\u00a0\u00bb _builder_version=\u00a0\u00bb4.24.0&Prime; global_colors_info=\u00a0\u00bb{}\u00a0\u00bb][\/et_pb_image][\/et_pb_column][et_pb_column type=\u00a0\u00bb1_2&Prime; _builder_version=\u00a0\u00bb4.16&Prime; global_colors_info=\u00a0\u00bb{}\u00a0\u00bb][et_pb_text _builder_version=\u00a0\u00bb4.16&Prime; header_font=\u00a0\u00bbMontserrat||||||||\u00a0\u00bb header_text_color=\u00a0\u00bb#009640&Prime; header_2_font=\u00a0\u00bbMontserrat|||||on|||\u00a0\u00bb header_2_text_color=\u00a0\u00bb#009640&Prime; global_colors_info=\u00a0\u00bb{}\u00a0\u00bb]<\/p>\n<h2><span>Caract\u00e9ristiques<\/span><\/h2>\n<div class=\"page\" title=\"Page 10\">\n<div class=\"section\">\n<div class=\"layoutArea\">\n<div class=\"column\">\n<p><span>Ce fils de <strong>Candy de Nantuel<\/strong> a re\u0301alise\u0301 11 parcours SF sur 12 dans sa cate\u0301gorie.<br \/>Son caracte\u0300re exceptionnel fait de lui un cheval gentil et tre\u0300s attachant. Agre\u0301able a\u0300 travailler, il apprend aussi vite sur le plat que sur les barres. A\u0300 l\u2019obstacle c\u2019est un cheval franc et respectueux. Ses atouts : sa force, son galop, et son e\u0301quilibre. C\u2019est un cheval d\u2019avenir ! Sa semence congele\u0301e est de tre\u0300s bonne qualite\u0301.<\/span><\/p>\n<\/div>\n<\/div>\n<\/div>\n<\/div>\n<p>[\/et_pb_text][et_pb_text _builder_version=\u00a0\u00bb4.24.0&Prime; header_font=\u00a0\u00bbMontserrat||||||||\u00a0\u00bb header_text_color=\u00a0\u00bb#009640&Prime; header_2_font=\u00a0\u00bbMontserrat|||||on|||\u00a0\u00bb header_2_text_color=\u00a0\u00bb#009640&Prime; global_colors_info=\u00a0\u00bb{}\u00a0\u00bb]<\/p>\n<h2><span>Origines :<\/span><\/h2>\n<div class=\"page\" title=\"Page 11\">\n<div class=\"section\">\n<div class=\"layoutArea\">\n<div class=\"column\">\n<div class=\"page\" title=\"Page 11\">\n<div class=\"section\">\n<div class=\"layoutArea\">\n<div class=\"column\">\n<p><strong>Son pe\u0300re Candy de Nantuel<\/strong><span><strong>, 4e\u0300me du championnat de France a\u0300 5 ans, 9e\u0300me a\u0300 6 ans, finaliste aux championnats du monde des 7 ans a\u0300 Lanaken avec Thomas Rousseau, 311e performer mondial WBFSH, notamment 2e du GP 1,55m au CSI5* de Paris Eiffel, 4e d\u2019une 1,55m au CSI4* de Chantilly, double vainqueur d\u2019e\u0301preuves 1,50m aux CSI3* de Compie\u0300gne et Saint-Tropez&#8230; ISO 164(23). Ses premiers produits avaient 6 ans en 2023.<\/strong> Parmi eux, les bons gagnants en CSI- YH 6 ans <\/span><span>Herme\u0300s des Cabanes<\/span><span>, <\/span><span>Hacteur Marble\u0301sien ISO 141(23), Haribo Gem, Hop Mouche, He\u0301loise de Poilley, Hop Et Hop du Moulin, Hippie Fuchsias ISO 141(23), Chagrin d\u2019Amour ISO 142(23), Harwenn ML ISO 140(23)&#8230;<br \/><\/span><span>Il est en 2023, 2e\u0300me meilleur pe\u0300re par les gains en Cycle classique CSO, 1er en Cycle libre.<\/span><\/p>\n<\/div>\n<div class=\"column\">\n<p><span>Sa ligne\u0301e maternelle est a\u0300 l\u2019origine de la grande gagnante <\/span><span>Nasa<\/span><span>, CSI 1,60m et CSIO5* avec Steve Guerdat, victorieuse des GP CSI5*-W de Zu\u0308rich, Gene\u0300ve, ISO 179(13), de tre\u0300s bons gagnants en CSO et CCE tels <\/span><span>Rigueur des Yvers ISO 160(92), Trinidad Gerbaux ISO 144(93), Edwy ICC 144(76)&#8230; <\/span><span>et des e\u0301talons approuve\u0301s <\/span><span>Quand Viens Tu, Atanae\u0308l, Soferino, Tanae\u0308l<\/span><span>, pe\u0300re de bons <\/span><span>gagnants en CSO&#8230;<\/span><\/p>\n<\/div>\n<\/div>\n<\/div>\n<\/div>\n<\/div>\n<\/div>\n<\/div>\n<\/div>\n<p>[\/et_pb_text][et_pb_text _builder_version=\u00a0\u00bb4.27.5&Prime; header_font=\u00a0\u00bbMontserrat||||||||\u00a0\u00bb header_text_color=\u00a0\u00bb#009640&Prime; header_2_font=\u00a0\u00bbMontserrat|||||on|||\u00a0\u00bb header_2_text_color=\u00a0\u00bb#009640&Prime; global_colors_info=\u00a0\u00bb{}\u00a0\u00bb]<\/p>\n<h2><span>Performances<\/span><\/h2>\n<div class=\"page\" title=\"Page 11\">\n<div class=\"section\">\n<div class=\"layoutArea\">\n<div class=\"column\">\n<p><span><strong>2021 :<\/strong> <\/span><span>il effectue 11\/12 SF en Cycle classique 4 ans sous la selle d\u2019Adelai\u0308de Lebedel. Finaliste a\u0300 Fontainebleau, il termine 17e\u0300me du championnat des ma\u0302les et hongres, Tre\u0300s Bon, classe\u0301 29e\u0300me de sa ge\u0301ne\u0301ration par les gains.<\/span><\/p>\n<p><strong>2022 : <\/strong><span>il effectue 8 SF en Cycle classique 5 ans, est qualifie\u0301 pour la finale a\u0300 Fontainebleau mais n\u2019y participe pas. Il est e\u0301galement qualifie\u0301 pour la finale hunter 5 ans.<\/span><\/p>\n<p><strong>Accidente\u0301, il se consacre a\u0300 sa carrie\u0300re de reproducteur avant de disparaitre pr\u00e9matur\u00e9ment en 2025 \u00e0 l&rsquo;\u00e2ge de 9 ans.<\/strong><\/p>\n<\/div>\n<\/div>\n<\/div>\n<\/div>\n<p>[\/et_pb_text][et_pb_text _builder_version=\u00a0\u00bb4.27.5&Prime; header_font=\u00a0\u00bbMontserrat||||||||\u00a0\u00bb header_text_color=\u00a0\u00bb#009640&Prime; header_2_font=\u00a0\u00bbMontserrat|||||on|||\u00a0\u00bb header_2_text_color=\u00a0\u00bb#009640&Prime; global_colors_info=\u00a0\u00bb{}\u00a0\u00bb]<\/p>\n<h2><span>Production<\/span><\/h2>\n<div class=\"page\" title=\"Page 11\">\n<div class=\"section\">\n<div class=\"layoutArea\">\n<div class=\"column\">\n<div class=\"page\" title=\"Page 11\">\n<div class=\"section\">\n<div class=\"layoutArea\">\n<div class=\"column\">\n<p><span>Ses premiers produits ont 3 ans en 2026.<\/span><\/p>\n<p><span><strong>L<\/strong><\/span><strong><span>es \u00e9leveurs de ses produits b\u00e9n\u00e9ficient du programme G\u00e9n\u00e9tique Avenir Selle Fran\u00e7ais.<\/span><\/strong><\/p>\n<\/div>\n<\/div>\n<\/div>\n<\/div>\n<\/div>\n<\/div>\n<\/div>\n<\/div>\n<p>[\/et_pb_text][\/et_pb_column][\/et_pb_row][et_pb_row _builder_version=\u00a0\u00bb4.16&Prime; global_colors_info=\u00a0\u00bb{}\u00a0\u00bb][et_pb_column type=\u00a0\u00bb4_4&Prime; _builder_version=\u00a0\u00bb4.16&Prime; global_colors_info=\u00a0\u00bb{}\u00a0\u00bb][et_pb_image src=\u00a0\u00bbhttps:\/\/ecurie-doutremer.com\/wp-content\/uploads\/2024\/02\/pedigree-happy-Paluelle.png\u00a0\u00bb alt=\u00a0\u00bbpedigree du cheval\u00a0\u00bb title_text=\u00a0\u00bbpedigree-happy-Paluelle\u00a0\u00bb _builder_version=\u00a0\u00bb4.24.0&Prime; width=\u00a0\u00bb100%\u00a0\u00bb module_alignment=\u00a0\u00bbcenter\u00a0\u00bb min_height=\u00a0\u00bb100px\u00a0\u00bb custom_margin=\u00a0\u00bb||-73px|||\u00a0\u00bb custom_padding=\u00a0\u00bb||0px|||\u00a0\u00bb global_colors_info=\u00a0\u00bb{}\u00a0\u00bb][\/et_pb_image][et_pb_icon font_icon=\u00a0\u00bb&#x77;||divi||400&Prime; icon_color=\u00a0\u00bb#009640&Prime; icon_width=\u00a0\u00bb50px\u00a0\u00bb _builder_version=\u00a0\u00bb4.24.0&Prime; _module_preset=\u00a0\u00bbdefault\u00a0\u00bb global_colors_info=\u00a0\u00bb{}\u00a0\u00bb][\/et_pb_icon][\/et_pb_column][\/et_pb_row][et_pb_row column_structure=\u00a0\u00bb1_2,1_2&Prime; _builder_version=\u00a0\u00bb4.16&Prime; global_colors_info=\u00a0\u00bb{}\u00a0\u00bb][et_pb_column type=\u00a0\u00bb1_2&Prime; _builder_version=\u00a0\u00bb4.16&Prime; global_colors_info=\u00a0\u00bb{}\u00a0\u00bb][et_pb_text _builder_version=\u00a0\u00bb4.27.5&Prime; header_font=\u00a0\u00bbMontserrat||||||||\u00a0\u00bb header_text_color=\u00a0\u00bb#009640&Prime; header_2_font=\u00a0\u00bbMontserrat|||||on|||\u00a0\u00bb header_2_text_color=\u00a0\u00bb#009640&Prime; global_colors_info=\u00a0\u00bb{}\u00a0\u00bb]<\/p>\n<h2><span>Conditions de monte 2026<\/span><\/h2>\n<div class=\"page\" title=\"Page 11\">\n<div class=\"section\">\n<div class=\"layoutArea\">\n<div class=\"column\">\n<div class=\"page\" title=\"Page 11\">\n<div class=\"section\">\n<div class=\"layoutArea\">\n<div class=\"column\">\n<p style=\"text-align: justify;\"><strong>IAC :<span>\u00a0300 \u20ac HT frais techniques \u00e0 la r\u00e9servation + 300 \u20ac HT poulain vivant \u00e0 48 h<\/span><\/strong><\/p>\n<\/div>\n<\/div>\n<\/div>\n<\/div>\n<\/div>\n<\/div>\n<\/div>\n<\/div>\n<div class=\"et_pb_row et_pb_row_6\" style=\"text-align: left;\">\n<div class=\"et_pb_column et_pb_column_4_4 et_pb_column_6  et_pb_css_mix_blend_mode_passthrough et-last-child\" style=\"text-align: justify;\"><\/div>\n<\/div>\n<p>[\/et_pb_text][\/et_pb_column][et_pb_column type=\u00a0\u00bb1_2&Prime; _builder_version=\u00a0\u00bb4.16&Prime; global_colors_info=\u00a0\u00bb{}\u00a0\u00bb][et_pb_button button_url=\u00a0\u00bbhttps:\/\/ecurie-doutremer.com\/wp-content\/uploads\/2026\/02\/contrat-de-saillie-Happy-paluelle-2026.doc\u00a0\u00bb url_new_window=\u00a0\u00bbon\u00a0\u00bb button_text=\u00a0\u00bbContrat 2026 \u00e0 t\u00e9l\u00e9charger\u00a0\u00bb button_alignment=\u00a0\u00bbleft\u00a0\u00bb _builder_version=\u00a0\u00bb4.27.5&Prime; custom_button=\u00a0\u00bbon\u00a0\u00bb button_text_color=\u00a0\u00bb#ffffff\u00a0\u00bb button_bg_color=\u00a0\u00bb#009640&Prime; button_border_width=\u00a0\u00bb0px\u00a0\u00bb button_border_radius=\u00a0\u00bb22px\u00a0\u00bb button_font=\u00a0\u00bbMontserrat|||on|||||\u00a0\u00bb button_icon=\u00a0\u00bb&#x6c;||divi||400&Prime; button_on_hover=\u00a0\u00bboff\u00a0\u00bb custom_padding=\u00a0\u00bb|47px|||false|false\u00a0\u00bb hover_enabled=\u00a0\u00bb0&Prime; ab_subject=\u00a0\u00bbon\u00a0\u00bb ab_subject_id=\u00a0\u00bb1&Prime; ab_goal=\u00a0\u00bbon\u00a0\u00bb global_colors_info=\u00a0\u00bb{}\u00a0\u00bb sticky_enabled=\u00a0\u00bb0&Prime;][\/et_pb_button][et_pb_button button_url=\u00a0\u00bb@ET-DC@eyJkeW5hbWljIjp0cnVlLCJjb250ZW50IjoicG9zdF9saW5rX3VybF9hdHRhY2htZW50Iiwic2V0dGluZ3MiOnsicG9zdF9pZCI6IjUwNSJ9fQ==@\u00a0\u00bb button_text=\u00a0\u00bbContrat 2022 \u00e0 t\u00e9l\u00e9charger\u00a0\u00bb button_alignment=\u00a0\u00bbleft\u00a0\u00bb _builder_version=\u00a0\u00bb4.16&Prime; _dynamic_attributes=\u00a0\u00bbbutton_url\u00a0\u00bb custom_button=\u00a0\u00bbon\u00a0\u00bb button_text_color=\u00a0\u00bb#ffffff\u00a0\u00bb button_bg_color=\u00a0\u00bb#009640&Prime; button_border_width=\u00a0\u00bb0px\u00a0\u00bb button_border_radius=\u00a0\u00bb22px\u00a0\u00bb button_font=\u00a0\u00bbMontserrat|||on|||||\u00a0\u00bb button_icon=\u00a0\u00bb&#x6c;||divi||400&Prime; button_on_hover=\u00a0\u00bboff\u00a0\u00bb custom_padding=\u00a0\u00bb|47px|||false|false\u00a0\u00bb ab_subject=\u00a0\u00bbon\u00a0\u00bb ab_subject_id=\u00a0\u00bb2&Prime; ab_goal=\u00a0\u00bbon\u00a0\u00bb global_colors_info=\u00a0\u00bb{}\u00a0\u00bb][\/et_pb_button][\/et_pb_column][\/et_pb_row][\/et_pb_section]<\/p>\n","protected":false},"excerpt":{"rendered":"<p>BRAZIL 4 HAPPY PALUELLE Etalon SF &#8211; N\u00e9 en 2017 \u2013 \u00a0Alezan &#8211; ISO 122 (2022) Caract\u00e9ristiques Ce fils de Candy de Nantuel a re\u0301alise\u0301 11 parcours SF sur 12 dans sa cate\u0301gorie.Son caracte\u0300re exceptionnel fait de lui un cheval gentil et tre\u0300s attachant. Agre\u0301able a\u0300 travailler, il apprend aussi vite sur le plat que [&hellip;]<\/p>\n","protected":false},"author":1,"featured_media":0,"parent":0,"menu_order":0,"comment_status":"closed","ping_status":"closed","template":"","meta":{"_et_pb_use_builder":"on","_et_pb_old_content":"","_et_gb_content_width":"","footnotes":""},"class_list":["post-69","page","type-page","status-publish","hentry"],"_links":{"self":[{"href":"https:\/\/ecurie-doutremer.com\/index.php\/wp-json\/wp\/v2\/pages\/69","targetHints":{"allow":["GET"]}}],"collection":[{"href":"https:\/\/ecurie-doutremer.com\/index.php\/wp-json\/wp\/v2\/pages"}],"about":[{"href":"https:\/\/ecurie-doutremer.com\/index.php\/wp-json\/wp\/v2\/types\/page"}],"author":[{"embeddable":true,"href":"https:\/\/ecurie-doutremer.com\/index.php\/wp-json\/wp\/v2\/users\/1"}],"replies":[{"embeddable":true,"href":"https:\/\/ecurie-doutremer.com\/index.php\/wp-json\/wp\/v2\/comments?post=69"}],"version-history":[{"count":46,"href":"https:\/\/ecurie-doutremer.com\/index.php\/wp-json\/wp\/v2\/pages\/69\/revisions"}],"predecessor-version":[{"id":1315,"href":"https:\/\/ecurie-doutremer.com\/index.php\/wp-json\/wp\/v2\/pages\/69\/revisions\/1315"}],"wp:attachment":[{"href":"https:\/\/ecurie-doutremer.com\/index.php\/wp-json\/wp\/v2\/media?parent=69"}],"curies":[{"name":"wp","href":"https:\/\/api.w.org\/{rel}","templated":true}]}}