{"id":73,"date":"2021-03-15T18:32:13","date_gmt":"2021-03-15T17:32:13","guid":{"rendered":"https:\/\/ecurie-doutremer.com\/?page_id=73"},"modified":"2026-02-19T17:42:09","modified_gmt":"2026-02-19T16:42:09","slug":"just-gigolo","status":"publish","type":"page","link":"https:\/\/ecurie-doutremer.com\/index.php\/just-gigolo\/","title":{"rendered":"JUST GIGOLO"},"content":{"rendered":"<p>[et_pb_section fb_built=\u00a0\u00bb1&Prime; _builder_version=\u00a0\u00bb4.16&Prime; global_colors_info=\u00a0\u00bb{}\u00a0\u00bb][et_pb_row _builder_version=\u00a0\u00bb4.16&Prime; global_colors_info=\u00a0\u00bb{}\u00a0\u00bb][et_pb_column type=\u00a0\u00bb4_4&Prime; _builder_version=\u00a0\u00bb4.16&Prime; global_colors_info=\u00a0\u00bb{}\u00a0\u00bb][et_pb_text _builder_version=\u00a0\u00bb4.16&Prime; text_font=\u00a0\u00bbMontserrat||||||||\u00a0\u00bb text_text_color=\u00a0\u00bb#009640&Prime; header_font=\u00a0\u00bbMontserrat||||||||\u00a0\u00bb header_text_color=\u00a0\u00bb#009640&Prime; global_colors_info=\u00a0\u00bb{}\u00a0\u00bb]<\/p>\n<h1 class=\"elementor-heading-title elementor-size-default elementor-inline-editing pen\" data-elementor-setting-key=\"title\" contenteditable=\"true\" data-pen-placeholder=\"\u00c9crivez ici...\" style=\"text-align: center;\">ELWOOD BLUES<\/h1>\n<p>[\/et_pb_text][et_pb_text _builder_version=\u00a0\u00bb4.27.4&Prime; text_font=\u00a0\u00bbMontserrat||||||||\u00a0\u00bb text_font_size=\u00a0\u00bb28px\u00a0\u00bb width=\u00a0\u00bb1207%\u00a0\u00bb max_width=\u00a0\u00bb100%\u00a0\u00bb module_alignment=\u00a0\u00bbcenter\u00a0\u00bb min_height=\u00a0\u00bb100px\u00a0\u00bb height=\u00a0\u00bb100px\u00a0\u00bb max_height=\u00a0\u00bb1000px\u00a0\u00bb custom_margin=\u00a0\u00bb0px||-5px||false|false\u00a0\u00bb custom_padding=\u00a0\u00bb40px||||false|false\u00a0\u00bb global_colors_info=\u00a0\u00bb{}\u00a0\u00bb]<\/p>\n<h1 style=\"text-align: center;\"><span style=\"color: #008000;\">JUST GIGOLO<\/span><\/h1>\n<h1 style=\"text-align: center;\">SF &#8211; N\u00e9 en 2019 &#8211; 1m67 &#8211; Alezan &#8211; ISO 137 (2024)<\/h1>\n<p>&nbsp;<\/p>\n<p>[\/et_pb_text][\/et_pb_column][\/et_pb_row][et_pb_row column_structure=\u00a0\u00bb1_2,1_2&Prime; _builder_version=\u00a0\u00bb4.16&Prime; global_colors_info=\u00a0\u00bb{}\u00a0\u00bb][et_pb_column type=\u00a0\u00bb1_2&Prime; _builder_version=\u00a0\u00bb4.16&Prime; global_colors_info=\u00a0\u00bb{}\u00a0\u00bb][et_pb_image src=\u00a0\u00bbhttps:\/\/ecurie-doutremer.com\/wp-content\/uploads\/2025\/02\/WhatsApp-Image-2024-12-11-at-18.22.08-3.jpeg\u00a0\u00bb alt=\u00a0\u00bbPhoto du cheval\u00a0\u00bb title_text=\u00a0\u00bbWhatsApp Image 2024-12-11 at 18.22.08 (3)\u00a0\u00bb _builder_version=\u00a0\u00bb4.27.4&Prime; animation_style=\u00a0\u00bbfade\u00a0\u00bb border_radii=\u00a0\u00bbon|15px|15px|15px|15px\u00a0\u00bb box_shadow_style=\u00a0\u00bbpreset3&Prime; global_colors_info=\u00a0\u00bb{}\u00a0\u00bb][\/et_pb_image][et_pb_image src=\u00a0\u00bbhttps:\/\/ecurie-doutremer.com\/wp-content\/uploads\/2025\/02\/WhatsApp-Image-2024-12-11-at-18.22.07.jpeg\u00a0\u00bb alt=\u00a0\u00bbElwood Blues et Laurent Goffinet\u00a0\u00bb title_text=\u00a0\u00bbWhatsApp Image 2024-12-11 at 18.22.07&Prime; _builder_version=\u00a0\u00bb4.27.4&Prime; animation_style=\u00a0\u00bbfade\u00a0\u00bb border_radii=\u00a0\u00bbon|15px|15px|15px|15px\u00a0\u00bb box_shadow_style=\u00a0\u00bbpreset3&Prime; global_colors_info=\u00a0\u00bb{}\u00a0\u00bb][\/et_pb_image][\/et_pb_column][et_pb_column type=\u00a0\u00bb1_2&Prime; _builder_version=\u00a0\u00bb4.16&Prime; global_colors_info=\u00a0\u00bb{}\u00a0\u00bb][et_pb_video src=\u00a0\u00bbhttps:\/\/youtu.be\/ToOVs6i9498?si=1ZnXQ23T2jEzb-Vj\u00a0\u00bb _builder_version=\u00a0\u00bb4.27.4&Prime; global_colors_info=\u00a0\u00bb{}\u00a0\u00bb][\/et_pb_video][et_pb_text _builder_version=\u00a0\u00bb4.27.4&Prime; header_font=\u00a0\u00bbMontserrat||||||||\u00a0\u00bb header_text_color=\u00a0\u00bb#009640&Prime; header_2_font=\u00a0\u00bbMontserrat|||||on|||\u00a0\u00bb header_2_text_color=\u00a0\u00bb#009640&Prime; animation_style=\u00a0\u00bbfade\u00a0\u00bb global_colors_info=\u00a0\u00bb{}\u00a0\u00bb]<\/p>\n<h2><span>Caract\u00e9ristiques<\/span><\/h2>\n<div class=\"page\" title=\"Page 2\">\n<div class=\"section\">\n<div class=\"layoutArea\">\n<div class=\"column\">\n<div class=\"page\" title=\"Page 8\">\n<div class=\"section\">\n<div class=\"layoutArea\">\n<div class=\"column\">\n<p style=\"text-align: justify;\"><span>Champion de France des 5 ans en 2024, Just Gigolo a pour pe\u0300re <strong>Best of Iscla<\/strong>, GP CSI 1,55m et pour me\u0300re <strong>Elesse MG<\/strong>, GP CSI 1,55m. <\/span>Cette ligne\u0301e maternelle belge a produit Rosire, e\u0301talon BWP, les gagnants en GP dressage Robers Bieber, Rebrof et en CCI1* Robes Birljant.<span><br \/><\/span><\/p>\n<div class=\"page\" title=\"Page 9\">\n<div class=\"section\">\n<div class=\"layoutArea\">\n<div class=\"column\">\n<p style=\"text-align: justify;\"><span>Son pe\u0300re, <\/span><strong>Best of Iscla<\/strong><span>, 5e du championnat des e\u0301talons Selle Franc\u0327ais a\u0300 2 ans a\u0300 Saint-Lo\u0302, 13e du championnat des ma\u0302les et hongres de 4 ans, Excellent, 7e du championnat des 5 ans, Excellent, 3e du championnat des 6 ans, Elite puis vice-champion de France des 7 ans et classe\u0301 en GP CSI 1,45m sous la selle de Valentin Besnard. Avec Margaux Rocuet, il est notamment vainqueur du GP 1,50m a\u0300 Montfort sur Meu, 3e d\u2019une e\u0301preuve 1,50m au CSI3* de Deauville puis avec Nicolas Layec, il est entre autres vainqueur des GP 1,50m au CSI3* de Royan et au Grand National de Tours Pernay, vainqueur du GP 1,45m a\u0300 Saint-Lo\u0302, 11e du GP 1,55m au CSI4* de Saint-Lo\u0302 en 2024, ISO 155(22).<\/span><\/p>\n<\/div>\n<\/div>\n<\/div>\n<\/div>\n<\/div>\n<\/div>\n<\/div>\n<\/div>\n<\/div>\n<\/div>\n<\/div>\n<\/div>\n<p>[\/et_pb_text][et_pb_text _builder_version=\u00a0\u00bb4.27.5&Prime; header_font=\u00a0\u00bbMontserrat||||||||\u00a0\u00bb header_text_color=\u00a0\u00bb#009640&Prime; header_2_font=\u00a0\u00bbMontserrat|||||on|||\u00a0\u00bb header_2_text_color=\u00a0\u00bb#009640&Prime; animation_style=\u00a0\u00bbfade\u00a0\u00bb global_colors_info=\u00a0\u00bb{}\u00a0\u00bb]<\/p>\n<h2><span>production :<\/span><\/h2>\n<div class=\"page\" title=\"Page 2\">\n<div class=\"section\">\n<div class=\"layoutArea\">\n<div class=\"column\">\n<div class=\"page\" title=\"Page 2\">\n<div class=\"section\">\n<div class=\"layoutArea\">\n<div class=\"column\">\n<div class=\"page\" title=\"Page 9\">\n<div class=\"section\">\n<div class=\"layoutArea\">\n<div class=\"column\">\n<p><span>Ses premiers produits naissent en 2026.<\/span><\/p>\n<p><strong><span>Les \u00e9leveurs de ses produits b\u00e9n\u00e9ficient du programme G\u00e9n\u00e9tique Avenir Selle Fran\u00e7ais.<\/span><\/strong><\/p>\n<\/div>\n<\/div>\n<\/div>\n<\/div>\n<\/div>\n<\/div>\n<\/div>\n<\/div>\n<\/div>\n<\/div>\n<\/div>\n<\/div>\n<p>[\/et_pb_text][et_pb_text _builder_version=\u00a0\u00bb4.27.5&Prime; header_font=\u00a0\u00bbMontserrat||||||||\u00a0\u00bb header_text_color=\u00a0\u00bb#009640&Prime; header_2_font=\u00a0\u00bbMontserrat|||||on|||\u00a0\u00bb header_2_text_color=\u00a0\u00bb#009640&Prime; animation_style=\u00a0\u00bbfade\u00a0\u00bb global_colors_info=\u00a0\u00bb{}\u00a0\u00bb]<\/p>\n<h2><span>performances :<\/span><\/h2>\n<div class=\"page\" title=\"Page 2\">\n<div class=\"section\">\n<div class=\"layoutArea\">\n<div class=\"column\">\n<div class=\"page\" title=\"Page 2\">\n<div class=\"section\">\n<div class=\"layoutArea\">\n<div class=\"column\">\n<div class=\"page\" title=\"Page 9\">\n<div class=\"section\">\n<div class=\"layoutArea\">\n<div class=\"column\">\n<div class=\"page\" title=\"Page 9\">\n<div class=\"section\">\n<div class=\"layoutArea\">\n<div class=\"column\">\n<p style=\"text-align: justify;\"><span><strong>2022 :<\/strong> <\/span><span>6e de la qualificative des e\u0301talons Selle Franc\u0327ais de 3 ans a\u0300 Lamballe.<\/span><\/p>\n<p style=\"text-align: justify;\"><strong>2023 : <\/strong><span>il effectue 8 sans-faute en Cycle classique 4 ans dont un double sans-faute lors du CIR d\u2019Auvers.<\/span><\/p>\n<p style=\"text-align: justify;\"><span><strong>2024 :<\/strong> avec Nicolas Layec, il est auteur de 14 sans-faute sur 15 en Cycle classique 5 ans dont un double sans-faute lors du CIR de Saint-Lo\u0302. <strong>Vainqueur du crie\u0301rium des ma\u0302les de 5 ans lors de la finale a\u0300 Fontainebleau, il est sacre\u0301 champion des 5 ans, Elite.<\/strong> Il obtient e\u0301galement deux primes sur deux sorties en Hunter 5 ans.<\/span><\/p>\n<p style=\"text-align: justify;\"><span><strong>2025 :\u00a0<\/strong>il effectue\u00a0<strong>11 sans-faute sur 15 en Cycle classique 6 ans\u00a0<\/strong>dont un\u00a0<strong>double sans-faute lors du CIR de Lamballe\u00a0<\/strong>et\u00a0<strong>un sans-faute lors de la finale \u00e0 Fontainebleau.\u00a0<\/strong>Il obtient \u00e9galement\u00a0<strong>deux primes sur deux sorties en Hunter 6 ans.<\/strong><\/span><\/p>\n<\/div>\n<\/div>\n<\/div>\n<\/div>\n<\/div>\n<\/div>\n<\/div>\n<\/div>\n<\/div>\n<\/div>\n<\/div>\n<\/div>\n<\/div>\n<\/div>\n<\/div>\n<\/div>\n<p>[\/et_pb_text][\/et_pb_column][\/et_pb_row][et_pb_row _builder_version=\u00a0\u00bb4.16&Prime; global_colors_info=\u00a0\u00bb{}\u00a0\u00bb][et_pb_column type=\u00a0\u00bb4_4&Prime; _builder_version=\u00a0\u00bb4.16&Prime; global_colors_info=\u00a0\u00bb{}\u00a0\u00bb][et_pb_image src=\u00a0\u00bbhttps:\/\/ecurie-doutremer.com\/wp-content\/uploads\/2025\/02\/Pedigree-Just-Gigolo.png\u00a0\u00bb alt=\u00a0\u00bbpedigree du cheval\u00a0\u00bb title_text=\u00a0\u00bbPedigree &#8211; Just Gigolo\u00a0\u00bb _builder_version=\u00a0\u00bb4.27.4&Prime; width=\u00a0\u00bb100%\u00a0\u00bb module_alignment=\u00a0\u00bbcenter\u00a0\u00bb global_colors_info=\u00a0\u00bb{}\u00a0\u00bb][\/et_pb_image][\/et_pb_column][\/et_pb_row][et_pb_row column_structure=\u00a0\u00bb1_2,1_2&Prime; _builder_version=\u00a0\u00bb4.16&Prime; global_colors_info=\u00a0\u00bb{}\u00a0\u00bb][et_pb_column type=\u00a0\u00bb1_2&Prime; _builder_version=\u00a0\u00bb4.16&Prime; global_colors_info=\u00a0\u00bb{}\u00a0\u00bb][et_pb_text _builder_version=\u00a0\u00bb4.27.4&Prime; header_font=\u00a0\u00bbMontserrat||||||||\u00a0\u00bb header_text_color=\u00a0\u00bb#009640&Prime; header_2_font=\u00a0\u00bbMontserrat|||||on|||\u00a0\u00bb header_2_text_color=\u00a0\u00bb#009640&Prime; global_colors_info=\u00a0\u00bb{}\u00a0\u00bb]<\/p>\n<h2><span>Conditions de monte<\/span><\/h2>\n<p><b>IAC dans un autre centre :<\/b><\/p>\n<div class=\"page\" title=\"Page 2\">\n<div class=\"section\">\n<div class=\"layoutArea\">\n<div class=\"column\">\n<div class=\"page\" title=\"Page 9\">\n<div class=\"section\">\n<div class=\"layoutArea\">\n<div class=\"column\">\n<p><span>350\u20ac HT de frais technique + 650\u20ac HT GPV (che\u0300ques joint au pre\u0301sent contrat) TVA a\u0300 5.5%<\/span><\/p>\n<\/div>\n<\/div>\n<\/div>\n<\/div>\n<\/div>\n<\/div>\n<\/div>\n<\/div>\n<div class=\"et_pb_row et_pb_row_6\" style=\"text-align: left;\">\n<div class=\"et_pb_column et_pb_column_4_4 et_pb_column_6  et_pb_css_mix_blend_mode_passthrough et-last-child\"><\/div>\n<\/div>\n<p>[\/et_pb_text][\/et_pb_column][et_pb_column type=\u00a0\u00bb1_2&Prime; _builder_version=\u00a0\u00bb4.16&Prime; global_colors_info=\u00a0\u00bb{}\u00a0\u00bb][et_pb_button button_url=\u00a0\u00bbhttps:\/\/ecurie-doutremer.com\/wp-content\/uploads\/2026\/02\/contrat-de-saillie-Just-Gigolo-2026.doc\u00a0\u00bb button_text=\u00a0\u00bbContrat 2026 \u00e0 t\u00e9l\u00e9charger\u00a0\u00bb button_alignment=\u00a0\u00bbleft\u00a0\u00bb _builder_version=\u00a0\u00bb4.27.5&Prime; custom_button=\u00a0\u00bbon\u00a0\u00bb button_text_color=\u00a0\u00bb#ffffff\u00a0\u00bb button_bg_color=\u00a0\u00bb#009640&Prime; button_border_width=\u00a0\u00bb0px\u00a0\u00bb button_border_radius=\u00a0\u00bb22px\u00a0\u00bb button_font=\u00a0\u00bbMontserrat|||on|||||\u00a0\u00bb button_icon=\u00a0\u00bb&#x6c;||divi||400&Prime; button_on_hover=\u00a0\u00bboff\u00a0\u00bb custom_padding=\u00a0\u00bb|47px|||false|false\u00a0\u00bb hover_enabled=\u00a0\u00bb0&Prime; global_colors_info=\u00a0\u00bb{}\u00a0\u00bb sticky_enabled=\u00a0\u00bb0&Prime;][\/et_pb_button][\/et_pb_column][\/et_pb_row][\/et_pb_section]<\/p>\n","protected":false},"excerpt":{"rendered":"<p>ELWOOD BLUESJUST GIGOLO SF &#8211; N\u00e9 en 2019 &#8211; 1m67 &#8211; Alezan &#8211; ISO 137 (2024) &nbsp;Caract\u00e9ristiques Champion de France des 5 ans en 2024, Just Gigolo a pour pe\u0300re Best of Iscla, GP CSI 1,55m et pour me\u0300re Elesse MG, GP CSI 1,55m. Cette ligne\u0301e maternelle belge a produit Rosire, e\u0301talon BWP, les gagnants [&hellip;]<\/p>\n","protected":false},"author":1,"featured_media":0,"parent":0,"menu_order":0,"comment_status":"closed","ping_status":"closed","template":"","meta":{"_et_pb_use_builder":"on","_et_pb_old_content":"","_et_gb_content_width":"","footnotes":""},"class_list":["post-73","page","type-page","status-publish","hentry"],"_links":{"self":[{"href":"https:\/\/ecurie-doutremer.com\/index.php\/wp-json\/wp\/v2\/pages\/73","targetHints":{"allow":["GET"]}}],"collection":[{"href":"https:\/\/ecurie-doutremer.com\/index.php\/wp-json\/wp\/v2\/pages"}],"about":[{"href":"https:\/\/ecurie-doutremer.com\/index.php\/wp-json\/wp\/v2\/types\/page"}],"author":[{"embeddable":true,"href":"https:\/\/ecurie-doutremer.com\/index.php\/wp-json\/wp\/v2\/users\/1"}],"replies":[{"embeddable":true,"href":"https:\/\/ecurie-doutremer.com\/index.php\/wp-json\/wp\/v2\/comments?post=73"}],"version-history":[{"count":23,"href":"https:\/\/ecurie-doutremer.com\/index.php\/wp-json\/wp\/v2\/pages\/73\/revisions"}],"predecessor-version":[{"id":1316,"href":"https:\/\/ecurie-doutremer.com\/index.php\/wp-json\/wp\/v2\/pages\/73\/revisions\/1316"}],"wp:attachment":[{"href":"https:\/\/ecurie-doutremer.com\/index.php\/wp-json\/wp\/v2\/media?parent=73"}],"curies":[{"name":"wp","href":"https:\/\/api.w.org\/{rel}","templated":true}]}}